{"id":584,"date":"2019-08-23T13:40:28","date_gmt":"2019-08-23T17:40:28","guid":{"rendered":"https:\/\/deneigementchaumont.com\/?page_id=584"},"modified":"2023-09-20T11:19:09","modified_gmt":"2023-09-20T15:19:09","slug":"home","status":"publish","type":"page","link":"https:\/\/deneigementchaumont.com\/en\/","title":{"rendered":"Home"},"content":{"rendered":"\t\t<div data-elementor-type=\"wp-page\" data-elementor-id=\"584\" class=\"elementor elementor-584 elementor-7\" data-elementor-post-type=\"page\">\n\t\t\t\t\t\t\t\t\t<section class=\"elementor-section elementor-top-section elementor-element elementor-element-48a3de7d elementor-section-height-min-height elementor-section-boxed elementor-section-height-default elementor-section-items-middle\" data-id=\"48a3de7d\" data-element_type=\"section\" data-settings=\"{&quot;background_background&quot;:&quot;classic&quot;}\">\n\t\t\t\t\t\t<div class=\"elementor-container elementor-column-gap-default\">\n\t\t\t\t\t<div class=\"elementor-column elementor-col-100 elementor-top-column elementor-element elementor-element-5b6e89d4\" data-id=\"5b6e89d4\" data-element_type=\"column\">\n\t\t\t<div class=\"elementor-widget-wrap elementor-element-populated\">\n\t\t\t\t\t\t\t\t<div class=\"elementor-element elementor-element-136648d2 elementor-headline--style-rotate elementor-widget elementor-widget-animated-headline\" data-id=\"136648d2\" data-element_type=\"widget\" data-settings=\"{&quot;headline_style&quot;:&quot;rotate&quot;,&quot;animation_type&quot;:&quot;flip&quot;,&quot;rotating_text&quot;:&quot;IN LORRAINE\\nFOR 20 YEARS&quot;,&quot;loop&quot;:&quot;yes&quot;,&quot;rotate_iteration_delay&quot;:2500}\" data-widget_type=\"animated-headline.default\">\n\t\t\t\t<div class=\"elementor-widget-container\">\n\t\t\t\t\t<h3 class=\"elementor-headline elementor-headline-animation-type-flip\">\n\t\t\t\t\t<span class=\"elementor-headline-plain-text elementor-headline-text-wrapper\">NUMBER ONE<\/span>\n\t\t\t\t<span class=\"elementor-headline-dynamic-wrapper elementor-headline-text-wrapper\">\n\t\t\t\t\t<span class=\"elementor-headline-dynamic-text elementor-headline-text-active\">\n\t\t\t\tIN&nbsp;LORRAINE\t\t\t<\/span>\n\t\t\t\t\t<span class=\"elementor-headline-dynamic-text\">\n\t\t\t\tFOR&nbsp;20&nbsp;YEARS\t\t\t<\/span>\n\t\t\t\t\t\t<\/span>\n\t\t\t\t<\/h3>\n\t\t\t\t<\/div>\n\t\t\t\t<\/div>\n\t\t\t\t<div class=\"elementor-element elementor-element-7baaa153 elementor-widget elementor-widget-heading\" data-id=\"7baaa153\" data-element_type=\"widget\" data-widget_type=\"heading.default\">\n\t\t\t\t<div class=\"elementor-widget-container\">\n\t\t\t<h2 class=\"elementor-heading-title elementor-size-default\">SNOW REMOVAL\nRESIDENTIAL\nLORRAINE<\/h2>\t\t<\/div>\n\t\t\t\t<\/div>\n\t\t\t\t<div class=\"elementor-element elementor-element-5b31ca11 ee-button-group-gap-default elementor-invisible elementor-widget elementor-widget-button-group\" data-id=\"5b31ca11\" data-element_type=\"widget\" data-settings=\"{&quot;_animation&quot;:&quot;bounceInLeft&quot;,&quot;trigger&quot;:&quot;mouseenter&quot;,&quot;trigger_tablet&quot;:&quot;click_target&quot;,&quot;trigger_mobile&quot;:&quot;click_target&quot;,&quot;_hide&quot;:&quot;mouseleave&quot;,&quot;_hide_tablet&quot;:&quot;click_out&quot;,&quot;_hide_mobile&quot;:&quot;click_out&quot;,&quot;position&quot;:&quot;bottom&quot;,&quot;delay_in&quot;:{&quot;unit&quot;:&quot;px&quot;,&quot;size&quot;:&quot;&quot;,&quot;sizes&quot;:[]},&quot;delay_out&quot;:{&quot;unit&quot;:&quot;px&quot;,&quot;size&quot;:&quot;&quot;,&quot;sizes&quot;:[]},&quot;duration&quot;:{&quot;unit&quot;:&quot;px&quot;,&quot;size&quot;:&quot;&quot;,&quot;sizes&quot;:[]}}\" data-widget_type=\"button-group.default\">\n\t\t\t\t<div class=\"elementor-widget-container\">\n\t\t\t<ul class=\"ee-button-group\"><li class=\"ee-button-gap elementor-repeater-item-e95af7a\">\n\t\t\t\t\t<a class=\"ee-button-wrapper ee-effect ee-effect-type--clone ee-effect-direction--down ee-effect--background ee-effect--foreground ee-effect-entrance--cover ee-effect-zoom-- ee-effect-shape--\" href=\"https:\/\/deneigementchaumont.com\/en\/free-quote\/\">\n\n\t\t\t\t\t\t<span class=\"ee-button ee-button-link ee-size-lg\" data-label=\"BE READY FOR WINTER !\">\n\t\t\t\t\t\t\t<span class=\"ee-button-content-wrapper\"><span class=\"ee-button-text\">\n\t\t\t\t\t\t\t\t\tYOUR FREE QUOTE\t\t\t\t\t\t\t\t<\/span>\n\n\t\t\t\t\t\t\t\t\n\t\t\t\t\t\t\t<\/span>\n\t\t\t\t\t\t<\/span>\n\n\t\t\t\t\t<\/a>\n\t\t\t\t<\/li><\/ul>\n\t\t\t\t<\/div>\n\t\t\t\t<\/div>\n\t\t\t\t<div class=\"elementor-element elementor-element-3dc1924e elementor-widget elementor-widget-text-editor\" data-id=\"3dc1924e\" data-element_type=\"widget\" data-widget_type=\"text-editor.default\">\n\t\t\t\t<div class=\"elementor-widget-container\">\n\t\t\t\t\t\t\tD\u00e9neigement Chaumont has become the snow removal reference in Lorraine with our 20 years of service, our recent machinery and our reliability. We are always ready no matter the weather conditions to offer you and prompt and efficient service. Do not hesitate to request your free quote now.\t\t\t\t\t\t<\/div>\n\t\t\t\t<\/div>\n\t\t\t\t\t<\/div>\n\t\t<\/div>\n\t\t\t\t\t\t\t<\/div>\n\t\t<\/section>\n\t\t\t\t<section class=\"elementor-section elementor-top-section elementor-element elementor-element-4b9ddd18 elementor-section-boxed elementor-section-height-default elementor-section-height-default\" data-id=\"4b9ddd18\" data-element_type=\"section\" data-settings=\"{&quot;background_background&quot;:&quot;classic&quot;}\">\n\t\t\t\t\t\t\t<div class=\"elementor-background-overlay\"><\/div>\n\t\t\t\t\t\t\t<div class=\"elementor-container elementor-column-gap-default\">\n\t\t\t\t\t<div class=\"elementor-column elementor-col-100 elementor-top-column elementor-element elementor-element-ef0252f\" data-id=\"ef0252f\" data-element_type=\"column\">\n\t\t\t<div class=\"elementor-widget-wrap elementor-element-populated\">\n\t\t\t\t\t\t\t\t<div class=\"elementor-element elementor-element-783385f3 elementor-widget elementor-widget-spacer\" data-id=\"783385f3\" data-element_type=\"widget\" data-widget_type=\"spacer.default\">\n\t\t\t\t<div class=\"elementor-widget-container\">\n\t\t\t\t\t<div class=\"elementor-spacer\">\n\t\t\t<div class=\"elementor-spacer-inner\"><\/div>\n\t\t<\/div>\n\t\t\t\t<\/div>\n\t\t\t\t<\/div>\n\t\t\t\t<div class=\"elementor-element elementor-element-6a7cc985 elementor-widget elementor-widget-text-editor\" data-id=\"6a7cc985\" data-element_type=\"widget\" data-widget_type=\"text-editor.default\">\n\t\t\t\t<div class=\"elementor-widget-container\">\n\t\t\t\t\t\t\t<p>BE INFORMED, <strong>BE READY.<\/strong><\/p>\t\t\t\t\t\t<\/div>\n\t\t\t\t<\/div>\n\t\t\t\t<div class=\"elementor-element elementor-element-5ba3eaaf elementor-widget elementor-widget-text-editor\" data-id=\"5ba3eaaf\" data-element_type=\"widget\" data-widget_type=\"text-editor.default\">\n\t\t\t\t<div class=\"elementor-widget-container\">\n\t\t\t\t\t\t\t<p>We now offer a warning service of the <strong>arrival of the tractor<\/strong> at the final passage by automated call or text message.<\/p>\t\t\t\t\t\t<\/div>\n\t\t\t\t<\/div>\n\t\t\t\t<div class=\"elementor-element elementor-element-72f6550c elementor-widget elementor-widget-spacer\" data-id=\"72f6550c\" data-element_type=\"widget\" data-widget_type=\"spacer.default\">\n\t\t\t\t<div class=\"elementor-widget-container\">\n\t\t\t\t\t<div class=\"elementor-spacer\">\n\t\t\t<div class=\"elementor-spacer-inner\"><\/div>\n\t\t<\/div>\n\t\t\t\t<\/div>\n\t\t\t\t<\/div>\n\t\t\t\t\t<\/div>\n\t\t<\/div>\n\t\t\t\t\t\t\t<\/div>\n\t\t<\/section>\n\t\t\t\t\t\t\t<\/div>\n\t\t","protected":false},"excerpt":{"rendered":"<p>NUMBER ONE IN&nbsp;LORRAINE FOR&nbsp;20&nbsp;YEARS SNOW REMOVAL RESIDENTIAL LORRAINE YOUR FREE QUOTE D\u00e9neigement Chaumont has become the snow removal reference in Lorraine with our 20 years of service, our recent machinery and our reliability. We are always ready no matter the weather conditions to offer you and prompt and efficient service. Do not hesitate to request &hellip;<\/p>\n<p class=\"read-more\"> <a class=\"\" href=\"https:\/\/deneigementchaumont.com\/en\/\"> <span class=\"screen-reader-text\">Home<\/span> Read More &raquo;<\/a><\/p>\n","protected":false},"author":1,"featured_media":0,"parent":0,"menu_order":0,"comment_status":"closed","ping_status":"closed","template":"elementor_header_footer","meta":{"site-sidebar-layout":"no-sidebar","site-content-layout":"page-builder","ast-site-content-layout":"","site-content-style":"default","site-sidebar-style":"default","ast-global-header-display":"","ast-banner-title-visibility":"","ast-main-header-display":"disabled","ast-hfb-above-header-display":"","ast-hfb-below-header-display":"","ast-hfb-mobile-header-display":"","site-post-title":"disabled","ast-breadcrumbs-content":"disabled","ast-featured-img":"disabled","footer-sml-layout":"disabled","theme-transparent-header-meta":"default","adv-header-id-meta":"","stick-header-meta":"","header-above-stick-meta":"","header-main-stick-meta":"","header-below-stick-meta":"","astra-migrate-meta-layouts":"","footnotes":""},"yoast_head":"<!-- This site is optimized with the Yoast SEO plugin v21.2 - https:\/\/yoast.com\/wordpress\/plugins\/seo\/ -->\n<title>Lorraine Residential Snow Removal - Free Quote - D\u00e9neigement Chaumont<\/title>\n<meta name=\"description\" content=\"D\u00e9neigement Chaumont has become the snow removal reference in Lorraine with our 20 years of service, Get for free Quote now!\" \/>\n<meta name=\"robots\" content=\"index, follow, max-snippet:-1, max-image-preview:large, max-video-preview:-1\" \/>\n<link rel=\"canonical\" href=\"https:\/\/deneigementchaumont.com\/\" \/>\n<meta property=\"og:locale\" content=\"en_US\" \/>\n<meta property=\"og:type\" content=\"article\" \/>\n<meta property=\"og:title\" content=\"Lorraine Residential Snow Removal - Free Quote - D\u00e9neigement Chaumont\" \/>\n<meta property=\"og:description\" content=\"D\u00e9neigement Chaumont has become the snow removal reference in Lorraine with our 20 years of service, Get for free Quote now!\" \/>\n<meta property=\"og:url\" content=\"https:\/\/deneigementchaumont.com\/\" \/>\n<meta property=\"og:site_name\" content=\"D\u00e9neigement Chaumont\" \/>\n<meta property=\"article:modified_time\" content=\"2023-09-20T15:19:09+00:00\" \/>\n<meta name=\"twitter:card\" content=\"summary_large_image\" \/>\n<meta name=\"twitter:label1\" content=\"Est. reading time\" \/>\n\t<meta name=\"twitter:data1\" content=\"1 minute\" \/>\n<script type=\"application\/ld+json\" class=\"yoast-schema-graph\">{\"@context\":\"https:\/\/schema.org\",\"@graph\":[{\"@type\":\"WebPage\",\"@id\":\"https:\/\/deneigementchaumont.com\/\",\"url\":\"https:\/\/deneigementchaumont.com\/\",\"name\":\"Lorraine Residential Snow Removal - Free Quote - D\u00e9neigement Chaumont\",\"isPartOf\":{\"@id\":\"https:\/\/deneigementchaumont.com\/#website\"},\"datePublished\":\"2019-08-23T17:40:28+00:00\",\"dateModified\":\"2023-09-20T15:19:09+00:00\",\"description\":\"D\u00e9neigement Chaumont has become the snow removal reference in Lorraine with our 20 years of service, Get for free Quote now!\",\"breadcrumb\":{\"@id\":\"https:\/\/deneigementchaumont.com\/#breadcrumb\"},\"inLanguage\":\"en-US\",\"potentialAction\":[{\"@type\":\"ReadAction\",\"target\":[\"https:\/\/deneigementchaumont.com\/\"]}]},{\"@type\":\"BreadcrumbList\",\"@id\":\"https:\/\/deneigementchaumont.com\/#breadcrumb\",\"itemListElement\":[{\"@type\":\"ListItem\",\"position\":1,\"name\":\"Accueil\",\"item\":\"https:\/\/deneigementchaumont.com\/\"},{\"@type\":\"ListItem\",\"position\":2,\"name\":\"Home\"}]},{\"@type\":\"WebSite\",\"@id\":\"https:\/\/deneigementchaumont.com\/#website\",\"url\":\"https:\/\/deneigementchaumont.com\/\",\"name\":\"D\u00e9neigement Chaumont\",\"description\":\"Le professionnel du d\u00e9neigement \u00e0 Lorraine\",\"potentialAction\":[{\"@type\":\"SearchAction\",\"target\":{\"@type\":\"EntryPoint\",\"urlTemplate\":\"https:\/\/deneigementchaumont.com\/?s={search_term_string}\"},\"query-input\":\"required name=search_term_string\"}],\"inLanguage\":\"en-US\"}]}<\/script>\n<!-- \/ Yoast SEO plugin. -->","yoast_head_json":{"title":"Lorraine Residential Snow Removal - Free Quote - D\u00e9neigement Chaumont","description":"D\u00e9neigement Chaumont has become the snow removal reference in Lorraine with our 20 years of service, Get for free Quote now!","robots":{"index":"index","follow":"follow","max-snippet":"max-snippet:-1","max-image-preview":"max-image-preview:large","max-video-preview":"max-video-preview:-1"},"canonical":"https:\/\/deneigementchaumont.com\/","og_locale":"en_US","og_type":"article","og_title":"Lorraine Residential Snow Removal - Free Quote - D\u00e9neigement Chaumont","og_description":"D\u00e9neigement Chaumont has become the snow removal reference in Lorraine with our 20 years of service, Get for free Quote now!","og_url":"https:\/\/deneigementchaumont.com\/","og_site_name":"D\u00e9neigement Chaumont","article_modified_time":"2023-09-20T15:19:09+00:00","twitter_card":"summary_large_image","twitter_misc":{"Est. reading time":"1 minute"},"schema":{"@context":"https:\/\/schema.org","@graph":[{"@type":"WebPage","@id":"https:\/\/deneigementchaumont.com\/","url":"https:\/\/deneigementchaumont.com\/","name":"Lorraine Residential Snow Removal - Free Quote - D\u00e9neigement Chaumont","isPartOf":{"@id":"https:\/\/deneigementchaumont.com\/#website"},"datePublished":"2019-08-23T17:40:28+00:00","dateModified":"2023-09-20T15:19:09+00:00","description":"D\u00e9neigement Chaumont has become the snow removal reference in Lorraine with our 20 years of service, Get for free Quote now!","breadcrumb":{"@id":"https:\/\/deneigementchaumont.com\/#breadcrumb"},"inLanguage":"en-US","potentialAction":[{"@type":"ReadAction","target":["https:\/\/deneigementchaumont.com\/"]}]},{"@type":"BreadcrumbList","@id":"https:\/\/deneigementchaumont.com\/#breadcrumb","itemListElement":[{"@type":"ListItem","position":1,"name":"Accueil","item":"https:\/\/deneigementchaumont.com\/"},{"@type":"ListItem","position":2,"name":"Home"}]},{"@type":"WebSite","@id":"https:\/\/deneigementchaumont.com\/#website","url":"https:\/\/deneigementchaumont.com\/","name":"D\u00e9neigement Chaumont","description":"Le professionnel du d\u00e9neigement \u00e0 Lorraine","potentialAction":[{"@type":"SearchAction","target":{"@type":"EntryPoint","urlTemplate":"https:\/\/deneigementchaumont.com\/?s={search_term_string}"},"query-input":"required name=search_term_string"}],"inLanguage":"en-US"}]}},"_links":{"self":[{"href":"https:\/\/deneigementchaumont.com\/en\/wp-json\/wp\/v2\/pages\/584"}],"collection":[{"href":"https:\/\/deneigementchaumont.com\/en\/wp-json\/wp\/v2\/pages"}],"about":[{"href":"https:\/\/deneigementchaumont.com\/en\/wp-json\/wp\/v2\/types\/page"}],"author":[{"embeddable":true,"href":"https:\/\/deneigementchaumont.com\/en\/wp-json\/wp\/v2\/users\/1"}],"replies":[{"embeddable":true,"href":"https:\/\/deneigementchaumont.com\/en\/wp-json\/wp\/v2\/comments?post=584"}],"version-history":[{"count":23,"href":"https:\/\/deneigementchaumont.com\/en\/wp-json\/wp\/v2\/pages\/584\/revisions"}],"predecessor-version":[{"id":11747,"href":"https:\/\/deneigementchaumont.com\/en\/wp-json\/wp\/v2\/pages\/584\/revisions\/11747"}],"wp:attachment":[{"href":"https:\/\/deneigementchaumont.com\/en\/wp-json\/wp\/v2\/media?parent=584"}],"curies":[{"name":"wp","href":"https:\/\/api.w.org\/{rel}","templated":true}]}}